{"id":171,"date":"2022-10-20T07:54:46","date_gmt":"2022-10-20T05:54:46","guid":{"rendered":"https:\/\/amartens.com\/?page_id=171"},"modified":"2025-05-05T08:39:03","modified_gmt":"2025-05-05T06:39:03","slug":"home-2","status":"publish","type":"page","link":"https:\/\/amartens.com\/","title":{"rendered":"Alexander Martens"},"content":{"rendered":"<p><a href=\"#main\">Zum Inhalt springen<\/a>\t\t<\/p>\n<p>Auslagerungs- &amp; Third Party Risk Manager (remote \u00b7 32 h)<\/p>\n<p>30+ Jahre Unternehmensberater, 12+ Banking<\/p>\n<p>Regulatorik-sicherer Auslagerungs- &amp; Third-Party-Risk Manager (MaRisk AT 9, EU DORA) mit 30 Jahren Sourcing-Praxis und &gt; 50 erfolgreich gesteuerten kritischen Auslagerungen; Lean Six Sigma BB &amp; PMP\u00ae. Remote einsetzbar in Teilzeit (32 h\/Woche) \u2013 verf\u00fcgbar <strong data-start=\"255\" data-end=\"308\">nach Einhaltung einer 3-monatigen K\u00fcndigungsfrist<\/strong>.<\/p>\n<p>\t\t\t\t\t\t\t\t<a href=\"https:\/\/amartens.com\/wp-content\/uploads\/2022\/10\/CV_Alexander_Martens.pdf\" target=\"_blank\"><br \/>\n\t\t\t\t<svg aria-hidden=\"true\" viewBox=\"0 0 640 512\" xmlns=\"http:\/\/www.w3.org\/2000\/svg\"><path d=\"M537.6 226.6c4.1-10.7 6.4-22.4 6.4-34.6 0-53-43-96-96-96-19.7 0-38.1 6-53.3 16.2C367 64.2 315.3 32 256 32c-88.4 0-160 71.6-160 160 0 2.7.1 5.4.2 8.1C40.2 219.8 0 273.2 0 336c0 79.5 64.5 144 144 144h368c70.7 0 128-57.3 128-128 0-61.9-44-113.6-102.4-125.4zm-132.9 88.7L299.3 420.7c-6.2 6.2-16.4 6.2-22.6 0L171.3 315.3c-10.1-10.1-2.9-27.3 11.3-27.3H248V176c0-8.8 7.2-16 16-16h48c8.8 0 16 7.2 16 16v112h65.4c14.2 0 21.4 17.2 11.3 27.3z\"><\/path><\/svg><br \/>\n\t\t\t\t\t\t\t\t\tDownload CV (PDF \u2197)<br \/>\n\t\t\t\t\t<\/a><br \/>\n\t\t\t\t\t\t\t\t\t\t\t\t\t\t<a href=\"https:\/\/amartens.com\/wp-content\/uploads\/2022\/11\/Bio-Alexander-Martens-2022-DE_PPT.pdf\" target=\"_blank\"><br \/>\n\t\t\t\t<svg aria-hidden=\"true\" viewBox=\"0 0 640 512\" xmlns=\"http:\/\/www.w3.org\/2000\/svg\"><path d=\"M537.6 226.6c4.1-10.7 6.4-22.4 6.4-34.6 0-53-43-96-96-96-19.7 0-38.1 6-53.3 16.2C367 64.2 315.3 32 256 32c-88.4 0-160 71.6-160 160 0 2.7.1 5.4.2 8.1C40.2 219.8 0 273.2 0 336c0 79.5 64.5 144 144 144h368c70.7 0 128-57.3 128-128 0-61.9-44-113.6-102.4-125.4zm-132.9 88.7L299.3 420.7c-6.2 6.2-16.4 6.2-22.6 0L171.3 315.3c-10.1-10.1-2.9-27.3 11.3-27.3H248V176c0-8.8 7.2-16 16-16h48c8.8 0 16 7.2 16 16v112h65.4c14.2 0 21.4 17.2 11.3 27.3z\"><\/path><\/svg><br \/>\n\t\t\t\t\t\t\t\t\tDownload Beraterprofil (PDF \u2197)<br \/>\n\t\t\t\t\t<\/a><\/p>\n<figure>\n\t\t\t\t\t\t\t\t\t\t<img loading=\"lazy\" decoding=\"async\" width=\"1920\" height=\"1920\" src=\"https:\/\/amartens.com\/wp-content\/uploads\/2025\/02\/Berenberg_06.02.2025-6802_Martens-Alexander_final_Q.avif\" alt=\"Alexander Martens\" srcset=\"https:\/\/amartens.com\/wp-content\/uploads\/2025\/02\/Berenberg_06.02.2025-6802_Martens-Alexander_final_Q.avif 1920w, https:\/\/amartens.com\/wp-content\/uploads\/2025\/02\/Berenberg_06.02.2025-6802_Martens-Alexander_final_Q-300x300.avif 300w, https:\/\/amartens.com\/wp-content\/uploads\/2025\/02\/Berenberg_06.02.2025-6802_Martens-Alexander_final_Q-1024x1024.avif 1024w, https:\/\/amartens.com\/wp-content\/uploads\/2025\/02\/Berenberg_06.02.2025-6802_Martens-Alexander_final_Q-150x150.avif 150w, https:\/\/amartens.com\/wp-content\/uploads\/2025\/02\/Berenberg_06.02.2025-6802_Martens-Alexander_final_Q-768x768.avif 768w, https:\/\/amartens.com\/wp-content\/uploads\/2025\/02\/Berenberg_06.02.2025-6802_Martens-Alexander_final_Q-1536x1536.avif 1536w, https:\/\/amartens.com\/wp-content\/uploads\/2025\/02\/Berenberg_06.02.2025-6802_Martens-Alexander_final_Q-600x600.avif 600w, https:\/\/amartens.com\/wp-content\/uploads\/2025\/02\/Berenberg_06.02.2025-6802_Martens-Alexander_final_Q-100x100.avif 100w\" sizes=\"auto, (max-width: 1920px) 100vw, 1920px\" longdesc=\"https:\/\/amartens.com?longdesc=2490&amp;referrer=171\" id=\"longdesc-return-2490\" title=\"\"><figcaption>Alexander Martens, Auslagerungs- und Risikomanager<\/figcaption><\/figure>\n<p>\t\t\tBanken\u00adexpertise<br \/>\n\t\t\t\t0<br \/>\n\t\t\tAudit-Findings<br \/>\n\t\t\t\t0<br \/>\n\t\t\tAuslagerungen gemanagt<br \/>\n\t\t\t\t0<\/p>\n<p><strong data-start=\"58\" data-end=\"97\">30 Jahre Beratung, <\/strong>davon<strong data-start=\"58\" data-end=\"97\"> 12 Jahre Banking<\/strong>: Ich f\u00fchre kritische Auslagerungen und IKT-Services sicher durch den gesamten Lifecycle \u2013 von der Anforderung bis zum Audit-Proof. <strong data-start=\"229\" data-end=\"259\" data-is-only-node=\"\">&gt; 400 Third-Party-Provider<\/strong> gemanagt und in den letzten <strong data-start=\"288\" data-end=\"317\">8 Jahren 0 Audit-Findings<\/strong>. Lean Six Sigma Black Belt, PMP\u00ae und trilingual (DE \/ EN \/ RU) liefere ich als 32-h-Remote-Ressource maximale Compliance bei minimaler Reibung.<\/p>\n<h5>Expert<\/h5>\n<h3>Erfahrung<\/h3>\n<h5>Joh. Berenberg, Gossler &#038; Co. KG, Hamburg<\/h5>\n<h4>2018 &#8211; Heute<\/h4>\n<h2>Auslagerungs\u00adbeauftragter (MaRisk AT9) \u00b7 Third-Party Risk Manager (DORA)<\/h2>\n<p data-start=\"0\" data-end=\"326\">Verantwortung f\u00fcr das gesetzliche und aufsichtsrechtliche Auslagerungs\u00admanagement gem\u00e4\u00df <strong data-start=\"88\" data-end=\"103\">MaRisk AT 9<\/strong>, <strong data-start=\"105\" data-end=\"118\">\u00a7 25b KWG<\/strong> und der EU-Verordnung <strong data-start=\"141\" data-end=\"149\">DORA<\/strong>. End-to-end-Steuerung aller Sourcing-, Vertrags-, Finanz- und Risiko\u00adprozesse f\u00fcr s\u00e4mtliche IKT-Dienstleistungen einer globalen Investmentbank in der <strong data-start=\"300\" data-end=\"323\">2nd Line of Defence<\/strong>.<\/p>\n<p data-start=\"328\" data-end=\"563\">Optimierung des Service-Portfolios, Durchf\u00fchrung systematischer Lieferanten\u00adbewertungen, Vertrags\u00adverhandlungen sowie Sicherstellung einer l\u00fcckenlosen Audit-Proof-Dokumentation inklusive aller Auslagerungs\u00adanzeigen und BaFin-Reports sowie Meldung des Informationsregisters.<\/p>\n<p data-start=\"565\" data-end=\"726\">Compliance-Status und identifizierte Risiken werden quartals\u00adweise in Management-Briefings direkt an die Gesch\u00e4fts\u00adleitung berichtet.<\/p>\n<h5>Information Services Group (ISG) Germany GmbH, Frankfurt am Main<\/h5>\n<h4>2012 &#8211; 2017<\/h4>\n<h2>Senior Consultant<\/h2>\n<p><strong data-start=\"150\" data-end=\"199\">Verantwortlich f\u00fcr Beratung von Gro\u00dfkonzernen<\/strong> in Sourcing-, Vertrags-, Finanz- <strong data-start=\"233\" data-end=\"307\">sowie Lean-Six-Sigma-gest\u00fctzten Transition- &amp; Transformation-Projekten<\/strong>. Leitete Preis- und Kosten-Benchmarkings, Design- und Implementierungs\u00advorhaben, baute <strong data-start=\"395\" data-end=\"423\" data-is-only-node=\"\">Service-Delivery-Modelle<\/strong> auf, entwickelte Service\u00adkataloge und gestaltete Managed-Services-Vertr\u00e4ge. Optimierte bestehende Service-Portfolios und wirkte an globalen IT-Transformations\u00adprogrammen mit.<\/p>\n<h5>IBM Deutschland Business Services GmbH, Stuttgart<\/h5>\n<h4>2004 &#8211; 2012<\/h4>\n<h2>Programme Manager<\/h2>\n<p><strong data-start=\"214\" data-end=\"263\">Programmleiter Prelude-Roll-out (Deutschland)<\/strong> \u2013 Implementierte das neue Forecast- &amp; Budget-Planungssystem inkl. Tool-Einf\u00fchrung, Schulungsreihe und Prozesshandbuch. Etablierte einheitliche Business-Operations-Standards und erh\u00f6hte die Profitabilit\u00e4t in allen IT-Service-Sparten und Outsourcing-Accounts.<\/p>\n<p><strong data-start=\"901\" data-end=\"967\">Programm Manager \u201eGlobal Delivery Framework\u201c \u2013 IBM IMT Germany<\/strong>: Steuerte nationale Einf\u00fchrung des konzernweiten Delivery Frameworks; harmonisierte Prozesse, Rollen und KPIs f\u00fcr &gt; 1 500 Mitarbeiter.<\/p>\n<p><strong data-start=\"1423\" data-end=\"1499\">Leiter diverser Lean-Six-Sigma-Black-Belt-Projekte (IT Delivery Germany)<\/strong>: Reduzierte Incident-Backlog, automatisierte Reporting-Flows und senkte OPEX zweistellig.<\/p>\n<p><strong data-start=\"1826\" data-end=\"1867\">Delivery Service Architekt (Midrange)<\/strong>: Beratung der Customer-Facing-Organisation (DPE\/PE) bei Solution Design, Pre-Sales und E2E-Server-Delivery; verantwortete Midrange-Run-Rate &gt; 4 000 Server.<\/p>\n<h5>Expert<\/h5>\n<h3>Erfahrung<\/h3>\n<h5>Joh. Berenberg, Gossler &#038; Co. KG, Hamburg<\/h5>\n<h4>2018 &#8211; Heute<\/h4>\n<h2>Auslagerungs\u00adbeauftragter (MaRisk AT9) \u00b7 Third-Party Risk Manager (DORA)<\/h2>\n<p data-start=\"0\" data-end=\"326\">Verantwortung f\u00fcr das gesetzliche und aufsichtsrechtliche Auslagerungs\u00admanagement gem\u00e4\u00df <strong data-start=\"88\" data-end=\"103\">MaRisk AT 9<\/strong>, <strong data-start=\"105\" data-end=\"118\">\u00a7 25b KWG<\/strong> und der EU-Verordnung <strong data-start=\"141\" data-end=\"149\">DORA<\/strong>. End-to-end-Steuerung aller Sourcing-, Vertrags-, Finanz- und Risiko\u00adprozesse f\u00fcr s\u00e4mtliche IKT-Dienstleistungen einer globalen Investmentbank in der <strong data-start=\"300\" data-end=\"323\">2nd Line of Defence<\/strong>.<\/p>\n<p data-start=\"328\" data-end=\"563\">Optimierung des Service-Portfolios, Durchf\u00fchrung systematischer Lieferanten\u00adbewertungen, Vertrags\u00adverhandlungen sowie Sicherstellung einer l\u00fcckenlosen Audit-Proof-Dokumentation inklusive aller Auslagerungs\u00adanzeigen und BaFin-Reports sowie Meldung des Informationsregisters.<\/p>\n<p data-start=\"565\" data-end=\"726\">Compliance-Status und identifizierte Risiken werden quartals\u00adweise in Management-Briefings direkt an die Gesch\u00e4fts\u00adleitung berichtet.<\/p>\n<h5>Information Services Group (ISG) Germany GmbH, Frankfurt am Main<\/h5>\n<h4>2012 &#8211; 2017<\/h4>\n<h2>Senior Consultant<\/h2>\n<p><strong data-start=\"150\" data-end=\"199\">Verantwortlich f\u00fcr Beratung von Gro\u00dfkonzernen<\/strong> in Sourcing-, Vertrags-, Finanz- <strong data-start=\"233\" data-end=\"307\">sowie Lean-Six-Sigma-gest\u00fctzten Transition- &amp; Transformation-Projekten<\/strong>. Leitete Preis- und Kosten-Benchmarkings, Design- und Implementierungs\u00advorhaben, baute <strong data-start=\"395\" data-end=\"423\" data-is-only-node=\"\">Service-Delivery-Modelle<\/strong> auf, entwickelte Service\u00adkataloge und gestaltete Managed-Services-Vertr\u00e4ge. Optimierte bestehende Service-Portfolios und wirkte an globalen IT-Transformations\u00adprogrammen mit.<\/p>\n<h5>IBM Deutschland Business Services GmbH, Stuttgart<\/h5>\n<h4>2004 &#8211; 2012<\/h4>\n<h2>Programme Manager<\/h2>\n<p><strong data-start=\"214\" data-end=\"263\">Programmleiter Prelude-Roll-out (Deutschland)<\/strong> \u2013 Implementierte das neue Forecast- &amp; Budget-Planungssystem inkl. Tool-Einf\u00fchrung, Schulungsreihe und Prozesshandbuch. Etablierte einheitliche Business-Operations-Standards und erh\u00f6hte die Profitabilit\u00e4t in allen IT-Service-Sparten und Outsourcing-Accounts.<\/p>\n<p><strong data-start=\"901\" data-end=\"967\">Programm Manager \u201eGlobal Delivery Framework\u201c \u2013 IBM IMT Germany<\/strong>: Steuerte nationale Einf\u00fchrung des konzernweiten Delivery Frameworks; harmonisierte Prozesse, Rollen und KPIs f\u00fcr &gt; 1 500 Mitarbeiter.<\/p>\n<p><strong data-start=\"1423\" data-end=\"1499\">Leiter diverser Lean-Six-Sigma-Black-Belt-Projekte (IT Delivery Germany)<\/strong>: Reduzierte Incident-Backlog, automatisierte Reporting-Flows und senkte OPEX zweistellig.<\/p>\n<p><strong data-start=\"1826\" data-end=\"1867\">Delivery Service Architekt (Midrange)<\/strong>: Beratung der Customer-Facing-Organisation (DPE\/PE) bei Solution Design, Pre-Sales und E2E-Server-Delivery; verantwortete Midrange-Run-Rate &gt; 4 000 Server.<\/p>\n<h2>Ausbildung<\/h2>\n<h4>1988 &#8211; 1992<\/h4>\n<h2><a href=\"https:\/\/ru.wikipedia.org\/wiki\/%D0%A3%D0%BB%D1%8C%D1%8F%D0%BD%D0%BE%D0%B2%D1%81%D0%BA%D0%BE%D0%B5_%D0%B2%D1%8B%D1%81%D1%88%D0%B5%D0%B5_%D0%B2%D0%BE%D0%B5%D0%BD%D0%BD%D0%BE%D0%B5_%D0%B8%D0%BD%D0%B6%D0%B5%D0%BD%D0%B5%D1%80%D0%BD%D0%BE%D0%B5_%D1%83%D1%87%D0%B8%D0%BB%D0%B8%D1%89%D0%B5_%D1%81%D0%B2%D1%8F%D0%B7%D0%B8\" rel=\"nofollow noopener\" target=\"_blank\">Military Communications University (Ulyanovsk Branch, UVVIUS), UdSSR<\/a><\/h2>\n<h2>Communication Engineer<\/h2>\n<p>Military Communication Technology<\/p>\n<p>\t\t\t\t\t\t\t\t\t\t\t\t\t<img loading=\"lazy\" decoding=\"async\" width=\"150\" height=\"150\" src=\"https:\/\/amartens.com\/wp-content\/uploads\/2022\/10\/UVVIUS-150x150.jpg\" alt=\"\" srcset=\"https:\/\/amartens.com\/wp-content\/uploads\/2022\/10\/UVVIUS-150x150.jpg 150w, https:\/\/amartens.com\/wp-content\/uploads\/2022\/10\/elementor\/thumbs\/UVVIUS-pwv54kfkw4w8kppg2zl6y4k963hlb5ap5vi5nkoyjs.jpg 100w, https:\/\/amartens.com\/wp-content\/uploads\/2022\/10\/UVVIUS-600x601.jpg 600w, https:\/\/amartens.com\/wp-content\/uploads\/2022\/10\/UVVIUS-300x300.jpg 300w, https:\/\/amartens.com\/wp-content\/uploads\/2022\/10\/elementor\/thumbs\/UVVIUS-pwv54kfm3zoo6pv6hwgd27em7fp7ywif1o3bsz66kw.jpg 200w, https:\/\/amartens.com\/wp-content\/uploads\/2022\/10\/UVVIUS.jpg 603w\" sizes=\"auto, (max-width: 150px) 100vw, 150px\" longdesc=\"https:\/\/amartens.com?longdesc=800&amp;referrer=171\" id=\"longdesc-return-800\" title=\"\">\t\t\t\t\t\t\t\t\t\t\t\t\t\t\t\t<\/p>\n<h4>1978 &#8211; 1988<\/h4>\n<h3>H\u00f6here Schule in Taldyqorghan, Kazakhstan<\/h3>\n<h3>Abitur mit Goldmedaille<\/h3>\n<p>Note = 1,0<\/p>\n<p>\t\t\t\t\t\t\t\t\t\t\t\t\t\t<a href=\"https:\/\/amartens.com\/wp-content\/uploads\/2022\/11\/Attestat_Abitur.pdf\"><br \/>\n\t\t\t\t\t\t\t<img loading=\"lazy\" decoding=\"async\" width=\"150\" height=\"150\" src=\"https:\/\/amartens.com\/wp-content\/uploads\/2022\/10\/IMG_0304-removebg-preview-150x150.png\" alt=\"\" srcset=\"https:\/\/amartens.com\/wp-content\/uploads\/2022\/10\/IMG_0304-removebg-preview-150x150.png 150w, https:\/\/amartens.com\/wp-content\/uploads\/2022\/10\/IMG_0304-removebg-preview-100x100.png 100w, https:\/\/amartens.com\/wp-content\/uploads\/2022\/10\/IMG_0304-removebg-preview-300x300.png 300w, https:\/\/amartens.com\/wp-content\/uploads\/2022\/10\/IMG_0304-removebg-preview.png 499w\" sizes=\"auto, (max-width: 150px) 100vw, 150px\" title=\"\">\t\t\t\t\t\t\t\t<\/a><\/p>\n","protected":false},"excerpt":{"rendered":"<p>Auslagerungs- &#038; Third Party Risk Manager (remote \u00b7 32 h)<\/p>\n","protected":false},"author":1,"featured_media":2490,"parent":0,"menu_order":0,"comment_status":"closed","ping_status":"closed","template":"","meta":{"_acf_changed":false,"footnotes":""},"class_list":["post-171","page","type-page","status-publish","has-post-thumbnail","hentry"],"acf":[],"_links":{"self":[{"href":"https:\/\/amartens.com\/index.php\/wp-json\/wp\/v2\/pages\/171","targetHints":{"allow":["GET"]}}],"collection":[{"href":"https:\/\/amartens.com\/index.php\/wp-json\/wp\/v2\/pages"}],"about":[{"href":"https:\/\/amartens.com\/index.php\/wp-json\/wp\/v2\/types\/page"}],"author":[{"embeddable":true,"href":"https:\/\/amartens.com\/index.php\/wp-json\/wp\/v2\/users\/1"}],"replies":[{"embeddable":true,"href":"https:\/\/amartens.com\/index.php\/wp-json\/wp\/v2\/comments?post=171"}],"version-history":[{"count":0,"href":"https:\/\/amartens.com\/index.php\/wp-json\/wp\/v2\/pages\/171\/revisions"}],"wp:featuredmedia":[{"embeddable":true,"href":"https:\/\/amartens.com\/index.php\/wp-json\/wp\/v2\/media\/2490"}],"wp:attachment":[{"href":"https:\/\/amartens.com\/index.php\/wp-json\/wp\/v2\/media?parent=171"}],"curies":[{"name":"wp","href":"https:\/\/api.w.org\/{rel}","templated":true}]}}