{"id":1837,"date":"2022-11-13T07:53:50","date_gmt":"2022-11-13T06:53:50","guid":{"rendered":"https:\/\/amartens.com\/?page_id=1837"},"modified":"2025-05-01T14:50:40","modified_gmt":"2025-05-01T12:50:40","slug":"verhaltenskodex","status":"publish","type":"page","link":"https:\/\/amartens.com\/index.php\/verhaltenskodex\/","title":{"rendered":"Verhaltenskodex"},"content":{"rendered":"<h5>Code of Conduct<\/h5>\n<h2>Verhaltens<br \/>\nkodex<\/h2>\n<p>Mein Verhaltenskodex ist der moralische Kompass meines Berufsalltags. Er beschreibt, wer ich bin, was ich von mir erwarte und wie ich mit Arbeitgeber-, Partner- und Stakeholder-Beziehungen umgehe. So treffe ich auch in herausfordernden Situationen \u2013 klar, angemessen und professionell \u2013 Entscheidungen, die Vertrauen dauerhaft sichern.<\/p>\n<h2>Integrit\u00e4t<\/h2>\n<p><em data-start=\"499\" data-end=\"516\">Keine Grauzonen<\/em>: Ich agiere offen, ehrlich und revisionsfest \u2013 zuletzt <strong data-start=\"572\" data-end=\"592\">0 Audit-Findings<\/strong> in f\u00fcnf Pr\u00fcfungen<\/p>\n<h2>Verantwortung<\/h2>\n<p><em data-start=\"636\" data-end=\"659\">Impact statt Ausreden<\/em>: Ich stehe f\u00fcr mein Tun ein und ber\u00fccksichtige Umwelt &amp; Gesellschaft; Erf\u00fcllung &gt;<strong data-start=\"744\" data-end=\"752\">80 %<\/strong>.<\/p>\n<h2>Respekt &#038; Vielfalt<\/h2>\n<p><em data-start=\"783\" data-end=\"812\">Menschen st\u00e4rken Ergebnisse<\/em>: Ich wertsch\u00e4tze jede Perspektive \u2013 4 L\u00e4nder-Teams, 0 Eskalationen.<\/p>\n<h2>Unabh\u00e4ngig<\/h2>\n<p><em data-start=\"906\" data-end=\"922\">Objektiver Rat<\/em>: Mein Consulting-Output bleibt frei von Interessenkonflikten; orientiert sich an h\u00f6chsten Fachstandards und annerkannten Methoden.<\/p>\n<h2>Nachhaltige Zukunft<\/h2>\n<p><em data-start=\"1058\" data-end=\"1078\">Wissen weitergeben<\/em>: Ich f\u00f6rdere Unternehmergeist, begleite Change und coache Nachfolger:innen, um best\u00e4ndige Erfolge zu verankern.<\/p>\n<blockquote>\n<p>\n\t\t\t\t&#8222;Nur wer die Vergangenheit kennt, kann die Gegenwart verstehen und die Zukunft gestalten.&#8220;\t\t\t<\/p>\n<p>\t\t\t\t\t\t\t\t\t\t\t<cite>August Bebel<\/cite>\n\t\t\t\t\t<\/p><\/blockquote>\n","protected":false},"excerpt":{"rendered":"<p>Code of Conduct Verhaltens kodex Mein Verhaltenskodex ist der moralische Kompass meines Berufsalltags. Er beschreibt, wer ich bin, was ich von mir erwarte und wie ich mit Arbeitgeber-, Partner- und Stakeholder-Beziehungen umgehe. So treffe ich auch in herausfordernden Situationen \u2013 klar, angemessen und professionell \u2013 Entscheidungen, die Vertrauen dauerhaft sichern. Integrit\u00e4t Keine Grauzonen: Ich agiere [&hellip;]<\/p>\n","protected":false},"author":1,"featured_media":0,"parent":0,"menu_order":0,"comment_status":"closed","ping_status":"closed","template":"","meta":{"_acf_changed":false,"footnotes":""},"class_list":["post-1837","page","type-page","status-publish","hentry"],"acf":[],"_links":{"self":[{"href":"https:\/\/amartens.com\/index.php\/wp-json\/wp\/v2\/pages\/1837","targetHints":{"allow":["GET"]}}],"collection":[{"href":"https:\/\/amartens.com\/index.php\/wp-json\/wp\/v2\/pages"}],"about":[{"href":"https:\/\/amartens.com\/index.php\/wp-json\/wp\/v2\/types\/page"}],"author":[{"embeddable":true,"href":"https:\/\/amartens.com\/index.php\/wp-json\/wp\/v2\/users\/1"}],"replies":[{"embeddable":true,"href":"https:\/\/amartens.com\/index.php\/wp-json\/wp\/v2\/comments?post=1837"}],"version-history":[{"count":0,"href":"https:\/\/amartens.com\/index.php\/wp-json\/wp\/v2\/pages\/1837\/revisions"}],"wp:attachment":[{"href":"https:\/\/amartens.com\/index.php\/wp-json\/wp\/v2\/media?parent=1837"}],"curies":[{"name":"wp","href":"https:\/\/api.w.org\/{rel}","templated":true}]}}