{"id":424,"date":"2022-10-20T14:47:07","date_gmt":"2022-10-20T12:47:07","guid":{"rendered":"https:\/\/amartens.com\/?page_id=424"},"modified":"2022-11-27T07:02:33","modified_gmt":"2022-11-27T06:02:33","slug":"lebenslaufcv","status":"publish","type":"page","link":"https:\/\/amartens.com\/index.php\/lebenslaufcv\/","title":{"rendered":"Lebenslauf(CV)"},"content":{"rendered":"<h5>Expert<\/h5>\n<h2>Erfahrung<\/h2>\n<p>\t\t\t<a href=\"https:\/\/amartens.com\/index.php\/skills\/\" role=\"button\"><br \/>\n\t\t\t\t\t\tSkills<br \/>\n\t\t\t\t\t<\/a><\/p>\n<h5><a href=\"https:\/\/www.berenberg.de\/\" rel=\"nofollow noopener\" target=\"_blank\">Joh. Berenberg, Gossler &#038; Co. KG<\/a><\/h5>\n<h4>2018 &#8211; Heute<\/h4>\n<h2>COVID-19: 2 Jahre 100% Homeoffice<\/h2>\n<h2>Auslagerungsbeauftragter MaRisk AT9 Tz. 12<\/h2>\n<p>\u2026verantwortlich f\u00fcr gesetzliche und aufsichtsrechtliche Auslagerungsmanagement mit Schwerpunkten in Sourcing-, Vertrags-, Finanz-, sowie Risikomanagement. Dar\u00fcber hinaus \u201eService Portfolio\u201c-Optimierung f\u00fcr global-agierende Investment Bank, ihre Supplier und Vendor Management.<\/p>\n<h5><a href=\"https:\/\/isg-one.com\/\" rel=\"nofollow noopener\" target=\"_blank\">Information Services Group Germany GmbH<\/a><\/h5>\n<h4>2012 &#8211; 2018<\/h4>\n<h2>Senior Consultant<\/h2>\n<p>\u2026verantwortlich f\u00fcr Unternehmensberatung in Sourcing-, Vertrags-, Finanz-, Lean Sigma sowie Transition und Transformation Management Projekten.<br \/>In diesem Zusammenhang Leitung von Preis-\/Kostenbenchmark-, Design- und Implementierungs-Projekten, Aufbau von Service Delivery Modellen, Erstellung und Weiterentwicklung Service Kataloge sowie Gestaltung von Managed Services. Dar\u00fcber hinaus Optimierung existierender Service Portfolios f\u00fcr weltweit agierende Gro\u00dfkonzerne und Transformation Management deren IT Services.<\/p>\n<h5><a href=\"https:\/\/www.ibm.com\/de-de\" rel=\"nofollow noopener\" target=\"_blank\">IBM Deutschland Business Services GmbH<\/a><\/h5>\n<h4>2004 &#8211; 2012<\/h4>\n<h2>Programme Manager \/ Project Manager<\/h2>\n<p>\u2026verantwortlich f\u00fcr Prelude-Einf\u00fchrung in DE als neuen Forecast Management System mit Budget Planung inkl. Tool-Implementierung. Program stellte weltweit einheitliche Business Operations Standards sowie kontinuierliche Verbesserung der Profitabilit\u00e4t in IT Services und IT Gesch\u00e4ftsbereiche (aller Outsourcing-Kunden).<\/p>\n<p>Program Manager f\u00fcr Global Delivery Framework Deployment innerhalb IBM IMT Germany.<\/p>\n<p>Verantwortlich f\u00fcr diverse Lean SixSigma Projekte innerhalb ITDelivery Germany.<\/p>\n<p>Delivery Service Architekt (Midrange) zur Unterst\u00fctzung von Customer Facing Organisation (DPE und PE), Engagement Services und den End-2-End Delivery Server Services in ITDelivery Germany.<\/p>\n<h5><a href=\"https:\/\/www.hcob-bank.de\/de\/startseite\/\" rel=\"nofollow noopener\" target=\"_blank\">Hamburg Commercial Bank<\/a><\/h5>\n<h4>2000 &#8211; 2004<\/h4>\n<h2>IT Berater \/ Manager<\/h2>\n<p>\u2026verantwortlich f\u00fcr Einf\u00fchrung \u201eService Level Management\u201c-Prozesses inkl. Tool-basierten Vertrags- und Lizenzmanagement. Erstellung im Rahmen eines Outsourcing-Projektes einen IT-Dienstleistungsvertrages f\u00fcr Tochterunternehmen. Einf\u00fchrung IT-Leistungsverrechnung f\u00fcr IT-Dienstleistungen inkl. Aufbau eines Service Katalogs. Verantwortung f\u00fcr IT-Outsourcing-Projekt der IT-Produktion inkl. Erstellung von Ausschreibungsunterlagen (RFI, RFP), Vertragsverhandlung sowie Begleitung der Transition\/Transformation beim neuen IT Provider.<\/p>\n<h5><a href=\"https:\/\/www.qbeyond.de\/\" rel=\"nofollow noopener\" target=\"_blank\">q.beyond AG (INFO AG)<\/a><\/h5>\n<h4>1997 &#8211; 2000<\/h4>\n<h2>IT Berater \/ Manager<\/h2>\n<p>\u2026verantwortlich f\u00fcr Einf\u00fchrung tool-basierten SAP Service Level Reporting sowie Produktentwicklung \u201eSAP aus der Steckdose\u201c auf Basis von SAP-, Citrix- &amp; Internet-Technologie als \u201ePay-per-Use\u201c-Modell f\u00fcr mittelst\u00e4ndische Kunden. Verantwortlich der Einf\u00fchrung \u201eRemote Access\u201c-L\u00f6sung einer Zigarettenfabrik. Aufbau von Vertriebsdirektionen f\u00fcr Zigarettenfabrik in Osteuropa.\u00a0Verantwortlicher Manager f\u00fcr RZ-Betrieb der Midrange IT-Produktion einer Zigarettenfabrik.\u00a0<\/p>\n<h5><a href=\"https:\/\/www.akzonobel.com\/\" rel=\"nofollow noopener\" target=\"_blank\">Akzo Nobel N.V. <\/a><\/h5>\n<h4>1992 &#8211; 1997<\/h4>\n<h2>IT Berater \/ Projekt Manager<\/h2>\n<p>\u2026verantwortlich f\u00fcr Einf\u00fchrung einer Produktions- und Planungsanwendung auf Basis \u201eBrain5\u201c-Software (IBM AS\/400). Projektleiter f\u00fcr SAP-Rollout mit Aufbau von Vertriebsdirektion in Hamburg.<\/p>\n","protected":false},"excerpt":{"rendered":"<p>Expert Erfahrung Skills Joh. Berenberg, Gossler &#038; Co. KG 2018 &#8211; Heute COVID-19: 2 Jahre 100% Homeoffice Auslagerungsbeauftragter MaRisk AT9 Tz. 12 \u2026verantwortlich f\u00fcr gesetzliche und aufsichtsrechtliche Auslagerungsmanagement mit Schwerpunkten in Sourcing-, Vertrags-, Finanz-, sowie Risikomanagement. Dar\u00fcber hinaus \u201eService Portfolio\u201c-Optimierung f\u00fcr global-agierende Investment Bank, ihre Supplier und Vendor Management. Information Services Group Germany GmbH 2012 [&hellip;]<\/p>\n","protected":false},"author":1,"featured_media":0,"parent":0,"menu_order":0,"comment_status":"closed","ping_status":"closed","template":"elementor_theme","meta":{"_acf_changed":false,"footnotes":""},"class_list":["post-424","page","type-page","status-publish","hentry"],"acf":[],"_links":{"self":[{"href":"https:\/\/amartens.com\/index.php\/wp-json\/wp\/v2\/pages\/424","targetHints":{"allow":["GET"]}}],"collection":[{"href":"https:\/\/amartens.com\/index.php\/wp-json\/wp\/v2\/pages"}],"about":[{"href":"https:\/\/amartens.com\/index.php\/wp-json\/wp\/v2\/types\/page"}],"author":[{"embeddable":true,"href":"https:\/\/amartens.com\/index.php\/wp-json\/wp\/v2\/users\/1"}],"replies":[{"embeddable":true,"href":"https:\/\/amartens.com\/index.php\/wp-json\/wp\/v2\/comments?post=424"}],"version-history":[{"count":0,"href":"https:\/\/amartens.com\/index.php\/wp-json\/wp\/v2\/pages\/424\/revisions"}],"wp:attachment":[{"href":"https:\/\/amartens.com\/index.php\/wp-json\/wp\/v2\/media?parent=424"}],"curies":[{"name":"wp","href":"https:\/\/api.w.org\/{rel}","templated":true}]}}