{"id":709,"date":"2022-10-22T10:54:07","date_gmt":"2022-10-22T08:54:07","guid":{"rendered":"https:\/\/amartens.com\/?page_id=709"},"modified":"2025-05-05T08:34:51","modified_gmt":"2025-05-05T06:34:51","slug":"impressum-2","status":"publish","type":"page","link":"https:\/\/amartens.com\/index.php\/impressum-2\/","title":{"rendered":"Impressum"},"content":{"rendered":"<p>Die Website <strong data-start=\"632\" data-end=\"648\">amartens.com<\/strong> dient als professionelles Online-CV und Pr\u00e4sentationsplattform von <strong data-start=\"716\" data-end=\"737\">Alexander Martens<\/strong>, einem erfahrenen Spezialisten f\u00fcr <strong data-start=\"773\" data-end=\"879\">Outsourcing, Third-Party-Risk-Management, DORA\/MaRisk-Compliance und kostenwirksame Prozessoptimierung<\/strong> im Finanzsektor. Besucher finden detaillierte Informationen zu Werdegang, Skills, Fachprojekten, Branchenstandards (z.\u202fB. MaRisk AT 9, DORA 2022\/2554), sowie zur pers\u00f6nlichen Wertebasis und zum Code of Conduct. Die Seite richtet sich an Personalentscheider, Projektverantwortliche und Beraternetzwerke, die hochqualifizierte Remote-Ressourcen im Umfang von 32 Wochenstunden suchen.<\/p>\n<h2>IMPRESSUM<\/h2>\n<p style=\"text-align: center;\"><strong>Angaben gem\u00e4\u00df \u00a7 5 TMG<\/strong><\/p>\n<p style=\"text-align: center;\">\u200bAlexander Martens<br \/>\u00dcberschu\u00df 36<br \/>21726 Heinbockel<br \/>Deutschland<\/p>\n<p style=\"text-align: center;\"><strong>Kontakt<\/strong><\/p>\n<p style=\"text-align: center;\">Telefon: +49 176 \/ 30336794<br \/>E-Mail: alexander.martens@amartens.com<\/p>\n<p style=\"text-align: center;\"><strong>Steuernummer:\u00a0<\/strong>43\/128\/08448<\/p>\n<p>EU-Streitschlichtung<\/p>\n<p>Die Europ\u00e4ische Kommission stellt eine Plattform zur Online-Streitbeilegung (OS) bereit:<\/p>\n<p>https:\/\/ec.europa.eu\/consumers\/odr<\/p>\n<p>Unsere E-Mail-Adresse finden Sie oben im Impressum.<\/p>\n<p><strong>Verbraucherstreitbeilegung \/ Universalschlichtungsstelle<\/strong><\/p>\n<p>Wir sind nicht bereit oder verpflichtet, an Streitbeilegungsverfahren vor einer Verbraucherschlichtungsstelle teilzunehmen.<\/p>\n<p><strong>Haftung f\u00fcr Inhalte<\/strong><\/p>\n<p>Als Diensteanbieter sind wir gem\u00e4\u00df \u00a7 7 Abs.1 TMG f\u00fcr eigene Inhalte auf diesen Seiten nach den allgemeinen Gesetzen verantwortlich. Nach \u00a7\u00a7 8 bis 10 TMG sind wir als Diensteanbieter jedoch nicht verpflichtet, \u00fcbermittelte oder gespeicherte fremde Informationen zu \u00fcberwachen oder nach Umst\u00e4nden zu forschen, die auf eine rechtswidrige T\u00e4tigkeit hinweisen.<\/p>\n<p>Verpflichtungen zur Entfernung oder Sperrung der Nutzung von Informationen nach den allgemeinen Gesetzen bleiben hiervon unber\u00fchrt. Eine diesbez\u00fcgliche Haftung ist jedoch erst ab dem Zeitpunkt der Kenntnis einer konkreten Rechtsverletzung m\u00f6glich. Bei Bekanntwerden von entsprechenden Rechtsverletzungen werden wir diese Inhalte umgehend entfernen.<\/p>\n<p><strong>Haftung f\u00fcr Links<\/strong><\/p>\n<p>Unser Angebot enth\u00e4lt Links zu externen Websites Dritter, auf deren Inhalte wir keinen Einfluss haben. Deshalb k\u00f6nnen wir f\u00fcr diese fremden Inhalte auch keine Gew\u00e4hr \u00fcbernehmen. F\u00fcr die Inhalte der verlinkten Seiten ist stets der jeweilige Anbieter oder Betreiber der Seiten verantwortlich. Die verlinkten Seiten wurden zum Zeitpunkt der Verlinkung auf m\u00f6gliche Rechtsverst\u00f6\u00dfe \u00fcberpr\u00fcft. Rechtswidrige Inhalte waren zum Zeitpunkt der Verlinkung nicht erkennbar.<\/p>\n<p>Eine permanente inhaltliche Kontrolle der verlinkten Seiten ist jedoch ohne konkrete Anhaltspunkte einer Rechtsverletzung nicht zumutbar. Bei Bekanntwerden von Rechtsverletzungen werden wir derartige Links umgehend entfernen.<\/p>\n<p><strong>Urheberrecht<\/strong><\/p>\n<p>Die durch die Seitenbetreiber erstellten Inhalte und Werke auf diesen Seiten unterliegen dem deutschen Urheberrecht. Die Vervielf\u00e4ltigung, Bearbeitung, Verbreitung und jede Art der Verwertung au\u00dferhalb der Grenzen des Urheberrechtes bed\u00fcrfen der schriftlichen Zustimmung des jeweiligen Autors bzw. Erstellers. Downloads und Kopien dieser Seite sind nur f\u00fcr den privaten, nicht kommerziellen Gebrauch gestattet.<\/p>\n<p>Soweit die Inhalte auf dieser Seite nicht vom Betreiber erstellt wurden, werden die Urheberrechte Dritter beachtet. Insbesondere werden Inhalte Dritter als solche gekennzeichnet. Sollten Sie trotzdem auf eine Urheberrechtsverletzung aufmerksam werden, bitten wir um einen entsprechenden Hinweis. Bei Bekanntwerden von Rechtsverletzungen werden wir derartige Inhalte umgehend entfernen.<\/p>\n<p><strong>SOCIAL MEDIA UND ANDERE ONLINEPR\u00c4SENZEN<\/strong><\/p>\n<p><a href=\"https:\/\/www.xing.com\/profile\/Alexander_Martens2\/portfolio\" rel=\"nofollow noopener\" target=\"_blank\">XING<\/a><\/p>\n<p><strong>ERSTELLUNG DER WEBSITE<\/strong><\/p>\n<p>Konzeption und Umsetzung: <a href=\"https:\/\/amartens.com\">amartens.com<\/a><br \/>Text \/ Portr\u00e4ts \/ Illustrationen:\u00a0<a href=\"https:\/\/amartens.com\">Alexander Martens<\/a><br \/>weitere Bilder: Alexander Martens,\u00a0Pixabay, sowie gesondert gekennzeichnet.<\/p>\n","protected":false},"excerpt":{"rendered":"<p>Die Website amartens.com dient als professionelles Online-CV und Pr\u00e4sentationsplattform von Alexander Martens, einem erfahrenen Spezialisten f\u00fcr Outsourcing, Third-Party-Risk-Management, DORA\/MaRisk-Compliance und kostenwirksame Prozessoptimierung im Finanzsektor. Besucher finden detaillierte Informationen zu Werdegang, Skills, Fachprojekten, Branchenstandards (z.\u202fB. MaRisk AT 9, DORA 2022\/2554), sowie zur pers\u00f6nlichen Wertebasis und zum Code of Conduct. Die Seite richtet sich an Personalentscheider, Projektverantwortliche [&hellip;]<\/p>\n","protected":false},"author":1,"featured_media":0,"parent":0,"menu_order":0,"comment_status":"closed","ping_status":"closed","template":"","meta":{"_acf_changed":false,"footnotes":""},"class_list":["post-709","page","type-page","status-publish","hentry"],"acf":[],"_links":{"self":[{"href":"https:\/\/amartens.com\/index.php\/wp-json\/wp\/v2\/pages\/709","targetHints":{"allow":["GET"]}}],"collection":[{"href":"https:\/\/amartens.com\/index.php\/wp-json\/wp\/v2\/pages"}],"about":[{"href":"https:\/\/amartens.com\/index.php\/wp-json\/wp\/v2\/types\/page"}],"author":[{"embeddable":true,"href":"https:\/\/amartens.com\/index.php\/wp-json\/wp\/v2\/users\/1"}],"replies":[{"embeddable":true,"href":"https:\/\/amartens.com\/index.php\/wp-json\/wp\/v2\/comments?post=709"}],"version-history":[{"count":0,"href":"https:\/\/amartens.com\/index.php\/wp-json\/wp\/v2\/pages\/709\/revisions"}],"wp:attachment":[{"href":"https:\/\/amartens.com\/index.php\/wp-json\/wp\/v2\/media?parent=709"}],"curies":[{"name":"wp","href":"https:\/\/api.w.org\/{rel}","templated":true}]}}